
{"id":47,"date":"2013-06-18T13:21:25","date_gmt":"2013-06-18T13:21:25","guid":{"rendered":"http:\/\/www.barbarasudano.net\/web\/?page_id=47"},"modified":"2017-07-10T10:07:29","modified_gmt":"2017-07-10T10:07:29","slug":"qui-suis-je","status":"publish","type":"page","link":"http:\/\/www.barbarasudano.net\/web\/fr\/qui-suis-je\/","title":{"rendered":"Qui suis-Je?"},"content":{"rendered":"<p><img loading=\"lazy\" class=\"wp-image-1772 size-medium alignright\" title=\"Barbara Sudano\" src=\"http:\/\/www.barbarasudano.net\/web\/wp-content\/uploads\/babs-2-300x225.jpeg\" alt=\"\" width=\"300\" height=\"225\" srcset=\"http:\/\/www.barbarasudano.net\/web\/wp-content\/uploads\/babs-2-300x225.jpeg 300w, http:\/\/www.barbarasudano.net\/web\/wp-content\/uploads\/babs-2-768x576.jpeg 768w, http:\/\/www.barbarasudano.net\/web\/wp-content\/uploads\/babs-2-1024x768.jpeg 1024w, http:\/\/www.barbarasudano.net\/web\/wp-content\/uploads\/babs-2-320x240.jpeg 320w, http:\/\/www.barbarasudano.net\/web\/wp-content\/uploads\/babs-2-145x109.jpeg 145w, http:\/\/www.barbarasudano.net\/web\/wp-content\/uploads\/babs-2-495x371.jpeg 495w, http:\/\/www.barbarasudano.net\/web\/wp-content\/uploads\/babs-2-670x503.jpeg 670w, http:\/\/www.barbarasudano.net\/web\/wp-content\/uploads\/babs-2.jpeg 1280w\" sizes=\"(max-width: 300px) 100vw, 300px\" \/><\/p>\n<p>Je suis Barbara Sudano, guide touristique autonome de la province de Raguse.<\/p>\n<p>J&rsquo;ai toujours eu une passion pour les langues \u00e9trang\u00e8res. Cet int\u00e9r\u00eat m&rsquo;a toujours accompagn\u00e9 de l&rsquo;\u00e9cole secondaire \u00e0 l&rsquo;universit\u00e9. Je suis d\u00e9tentrice d\u2019une ma\u00eetrise en langues et litt\u00e9ratures modernes. Mon travail, comme guide touristique, me permet de cultiver ma grande passion pour les langues \u00e9trang\u00e8res et me donne l&rsquo;opportunit\u00e9 de pr\u00e9senter \u00e0 un plus grand nombre de personnes possible, les tr\u00e9sors de ma terre natale: la Sicile.<\/p>\n<p>Comme guide touristique, j&rsquo;ai guid\u00e9 des touristes italiens et \u00e9trangers dans la province de Raguse et \u00e0 travers les principales destinations touristiques dans le sud-est de la Sicile: (Noto, Syracuse, Catane, l&rsquo;Etna, Taormine,&#8230;). Je travaille pour divers tours op\u00e9rateurs, petits et grands.<\/p>\n<p>Je serais tr\u00e8s heureuse de planifier un tour qui r\u00e9pond \u00e0 vos besoins sp\u00e9cifiques et de vous faire d\u00e9couvrir les sites qui ont d\u00e9j\u00e0 \u00e9bloui le c\u0153ur de nombreux visiteurs.<\/p>\n<p><a href=\"http:\/\/www.barbarasudano.net\/web\/wp-content\/uploads\/tesserino-2014.jpg\"><img loading=\"lazy\" class=\"alignleft wp-image-1579\" src=\"http:\/\/www.barbarasudano.net\/web\/wp-content\/uploads\/tesserino-2014-230x300.jpg\" alt=\"\" width=\"120\" height=\"156\" srcset=\"http:\/\/www.barbarasudano.net\/web\/wp-content\/uploads\/tesserino-2014-230x300.jpg 230w, http:\/\/www.barbarasudano.net\/web\/wp-content\/uploads\/tesserino-2014-145x189.jpg 145w, http:\/\/www.barbarasudano.net\/web\/wp-content\/uploads\/tesserino-2014.jpg 300w\" sizes=\"(max-width: 120px) 100vw, 120px\" \/><\/a><\/p>\n<p><em>Enregistr\u00e9 aupr\u00e8s de l&rsquo;Office d&rsquo;enregistrement Guide touristique du minist\u00e8re du D\u00e9veloppement \u00e9conomique et du Tourisme, Sicile<br \/>\n<\/em><em>Num\u00e9ro d&rsquo;identification: 119 &#8211; Num\u00e9ro d&rsquo;enregistrement: SE 095\/088<\/em><\/p>\n<p>&nbsp;<\/p>\n","protected":false},"excerpt":{"rendered":"<p>Je suis Barbara Sudano, guide touristique autonome de la province de Raguse. J&rsquo;ai toujours eu une passion pour &#8230;<a href=\"http:\/\/www.barbarasudano.net\/web\/fr\/qui-suis-je\/\" class=\"read-more\">Continue Reading<\/a><\/p>\n","protected":false},"author":1,"featured_media":0,"parent":0,"menu_order":16,"comment_status":"closed","ping_status":"open","template":"","meta":[],"_links":{"self":[{"href":"http:\/\/www.barbarasudano.net\/web\/fr\/wp-json\/wp\/v2\/pages\/47"}],"collection":[{"href":"http:\/\/www.barbarasudano.net\/web\/fr\/wp-json\/wp\/v2\/pages"}],"about":[{"href":"http:\/\/www.barbarasudano.net\/web\/fr\/wp-json\/wp\/v2\/types\/page"}],"author":[{"embeddable":true,"href":"http:\/\/www.barbarasudano.net\/web\/fr\/wp-json\/wp\/v2\/users\/1"}],"replies":[{"embeddable":true,"href":"http:\/\/www.barbarasudano.net\/web\/fr\/wp-json\/wp\/v2\/comments?post=47"}],"version-history":[{"count":10,"href":"http:\/\/www.barbarasudano.net\/web\/fr\/wp-json\/wp\/v2\/pages\/47\/revisions"}],"predecessor-version":[{"id":1776,"href":"http:\/\/www.barbarasudano.net\/web\/fr\/wp-json\/wp\/v2\/pages\/47\/revisions\/1776"}],"wp:attachment":[{"href":"http:\/\/www.barbarasudano.net\/web\/fr\/wp-json\/wp\/v2\/media?parent=47"}],"curies":[{"name":"wp","href":"https:\/\/api.w.org\/{rel}","templated":true}]}}