
{"id":1534,"date":"2013-06-20T15:51:27","date_gmt":"2013-06-20T15:51:27","guid":{"rendered":"http:\/\/www.barbarasudano.net\/web\/?page_id=1534"},"modified":"2020-05-18T09:03:59","modified_gmt":"2020-05-18T09:03:59","slug":"kontakt","status":"publish","type":"page","link":"http:\/\/www.barbarasudano.net\/web\/de\/kontakt\/","title":{"rendered":"Kontakt"},"content":{"rendered":"<p><img loading=\"lazy\" class=\" alignright\" title=\"QR-code\" src=\"http:\/\/api.qrserver.com\/v1\/create-qr-code\/?data=BEGIN%3AVCARD%0AVERSION%3A2.1%0AFN%3ABarbara%20Sudano%0AN%3ASudano%3BBarbara%0ATEL%3BCELL%3A%2B393286548425%0ATEL%3BWORK%3BVOICE%3A%2B3909321855588%0AEMAIL%3BWORK%3BINTERNET%3Abarbara.sudano%40gmail.com%0AURL%3Ahttp%3A%2F%2Fwww.barbarasudano.net%0AADR%3A%3B%3B%3B%3B%3B%3BItaly%0AEND%3AVCARD%0A&amp;size=250x250&amp;prov=goqrme\" alt=\"\" width=\"250\" height=\"250\" \/>Haben Sie noch Fragen oder m\u00f6chten Sie pers\u00f6nlich beraten werden? Ich stehe Ihnen gerne zur Verf\u00fcgung.<\/p>\n<ul>\n<li><strong>Handynummer:<\/strong> +39 328 6548425<\/li>\n<li><strong>E-mail:<\/strong> <a href=\"mailto:barbara.sudano@gmail.com\">barbara.sudano@gmail.com<\/a><\/li>\n<\/ul>\n<p><a title=\"Tariffe\" href=\"http:\/\/www.barbarasudano.net\/web\/tariffe\/\">F\u00fchrungshonorare<\/a><\/p>\n","protected":false},"excerpt":{"rendered":"<p>Haben Sie noch Fragen oder m\u00f6chten Sie pers\u00f6nlich beraten werden? Ich stehe Ihnen gerne zur Verf\u00fcgung. Handynummer: +39 &#8230;<a href=\"http:\/\/www.barbarasudano.net\/web\/de\/kontakt\/\" class=\"read-more\">Continue Reading<\/a><\/p>\n","protected":false},"author":1,"featured_media":1535,"parent":0,"menu_order":4,"comment_status":"closed","ping_status":"open","template":"","meta":[],"_links":{"self":[{"href":"http:\/\/www.barbarasudano.net\/web\/de\/wp-json\/wp\/v2\/pages\/1534"}],"collection":[{"href":"http:\/\/www.barbarasudano.net\/web\/de\/wp-json\/wp\/v2\/pages"}],"about":[{"href":"http:\/\/www.barbarasudano.net\/web\/de\/wp-json\/wp\/v2\/types\/page"}],"author":[{"embeddable":true,"href":"http:\/\/www.barbarasudano.net\/web\/de\/wp-json\/wp\/v2\/users\/1"}],"replies":[{"embeddable":true,"href":"http:\/\/www.barbarasudano.net\/web\/de\/wp-json\/wp\/v2\/comments?post=1534"}],"version-history":[{"count":3,"href":"http:\/\/www.barbarasudano.net\/web\/de\/wp-json\/wp\/v2\/pages\/1534\/revisions"}],"predecessor-version":[{"id":1888,"href":"http:\/\/www.barbarasudano.net\/web\/de\/wp-json\/wp\/v2\/pages\/1534\/revisions\/1888"}],"wp:featuredmedia":[{"embeddable":true,"href":"http:\/\/www.barbarasudano.net\/web\/de\/wp-json\/wp\/v2\/media\/1535"}],"wp:attachment":[{"href":"http:\/\/www.barbarasudano.net\/web\/de\/wp-json\/wp\/v2\/media?parent=1534"}],"curies":[{"name":"wp","href":"https:\/\/api.w.org\/{rel}","templated":true}]}}