
{"id":1532,"date":"2013-06-25T13:16:14","date_gmt":"2013-06-25T13:16:14","guid":{"rendered":"http:\/\/www.barbarasudano.net\/web\/?page_id=1532"},"modified":"2015-06-25T12:01:45","modified_gmt":"2015-06-25T12:01:45","slug":"gastebuch","status":"publish","type":"page","link":"http:\/\/www.barbarasudano.net\/web\/de\/gastebuch\/","title":{"rendered":"G\u00e4stebuch"},"content":{"rendered":"<p>Wenn Sie eine meiner Touren genossen haben, teilen Sie Ihre Erfahrung mit meinen zuk\u00fcnftigen G\u00e4sten. Sie werden Ihnen sehr dankbar sein!<\/p>\n<p>Wenn Sie <a href=\"http:\/\/www.tripadvisor.de\/Attraction_Review-g194872-d7117986-Reviews-Barbara_Sudano_Licensed_Tour_Guide-Ragusa_Province_of_Ragusa_Sicily.html\" target=\"_blank\">Tripadvisor<\/a> nutzen, bitte lassen Sie einen Beitrag in das folgende Feld. Er wird auch auf dieser Website ver\u00f6ffentlicht. Eine zweite M\u00f6glichkeit ist, <a href=\"#respond\">Ihre Nachricht nur auf dieser Seite zu hinterlassen<\/a>.<\/p>\n<ol class=\"commentlist\" style=\"width: 280px;background-color: white;\">\n<li class=\"comment byuser comment-author-mario bypostauthor even thread-even depth-1\">\n<div id=\"TA_cdswritereviewlg652\" class=\"TA_cdswritereviewlg\">\n<ul id=\"u6gVdQL\" class=\"TA_links 7AKjQU5u\">\n<li id=\"aAwYYj2Nxb1\" class=\"hecQeFF\">\n<a target=\"_blank\" href=\"http:\/\/www.tripadvisor.co.uk\/\"><img src=\"http:\/\/www.tripadvisor.co.uk\/img\/cdsi\/img2\/branding\/medium-logo-12097-2.png\" alt=\"TripAdvisor\"\/><\/a>\n<\/li>\n<\/ul>\n<\/div>\n<p><script src=\"http:\/\/www.jscache.com\/wejs?wtype=cdswritereviewlg&amp;uniq=652&amp;locationId=7117986&amp;lang=en_UK&amp;border=false&amp;display_version=2\"><\/script><\/p>\n<\/li>\n<\/ol>\n","protected":false},"excerpt":{"rendered":"<p>Wenn Sie eine meiner Touren genossen haben, teilen Sie Ihre Erfahrung mit meinen zuk\u00fcnftigen G\u00e4sten. Sie werden Ihnen &#8230;<a href=\"http:\/\/www.barbarasudano.net\/web\/de\/gastebuch\/\" class=\"read-more\">Continue Reading<\/a><\/p>\n","protected":false},"author":1,"featured_media":1533,"parent":0,"menu_order":7,"comment_status":"open","ping_status":"open","template":"","meta":[],"_links":{"self":[{"href":"http:\/\/www.barbarasudano.net\/web\/de\/wp-json\/wp\/v2\/pages\/1532"}],"collection":[{"href":"http:\/\/www.barbarasudano.net\/web\/de\/wp-json\/wp\/v2\/pages"}],"about":[{"href":"http:\/\/www.barbarasudano.net\/web\/de\/wp-json\/wp\/v2\/types\/page"}],"author":[{"embeddable":true,"href":"http:\/\/www.barbarasudano.net\/web\/de\/wp-json\/wp\/v2\/users\/1"}],"replies":[{"embeddable":true,"href":"http:\/\/www.barbarasudano.net\/web\/de\/wp-json\/wp\/v2\/comments?post=1532"}],"version-history":[{"count":6,"href":"http:\/\/www.barbarasudano.net\/web\/de\/wp-json\/wp\/v2\/pages\/1532\/revisions"}],"predecessor-version":[{"id":1741,"href":"http:\/\/www.barbarasudano.net\/web\/de\/wp-json\/wp\/v2\/pages\/1532\/revisions\/1741"}],"wp:featuredmedia":[{"embeddable":true,"href":"http:\/\/www.barbarasudano.net\/web\/de\/wp-json\/wp\/v2\/media\/1533"}],"wp:attachment":[{"href":"http:\/\/www.barbarasudano.net\/web\/de\/wp-json\/wp\/v2\/media?parent=1532"}],"curies":[{"name":"wp","href":"https:\/\/api.w.org\/{rel}","templated":true}]}}